{"id":158,"date":"2024-03-15T17:15:46","date_gmt":"2024-03-15T17:15:46","guid":{"rendered":"https:\/\/domekwsrodsosen.pl\/?page_id=158"},"modified":"2025-11-18T12:47:51","modified_gmt":"2025-11-18T12:47:51","slug":"cennik","status":"publish","type":"page","link":"https:\/\/domekwsrodsosen.pl\/?page_id=158","title":{"rendered":"Cennik"},"content":{"rendered":"\t\t<div data-elementor-type=\"wp-page\" data-elementor-id=\"158\" class=\"elementor elementor-158\">\n\t\t\t\t<div class=\"elementor-element elementor-element-53a61621 e-flex e-con-boxed e-con e-parent\" data-id=\"53a61621\" data-element_type=\"container\" data-e-type=\"container\">\n\t\t\t\t\t<div class=\"e-con-inner\">\n\t\t\t\t<div class=\"elementor-element elementor-element-730f40e5 elementor-widget elementor-widget-text-editor\" data-id=\"730f40e5\" data-element_type=\"widget\" data-e-type=\"widget\" data-widget_type=\"text-editor.default\">\n\t\t\t\t<div class=\"elementor-widget-container\">\n\t\t\t\t\t\t\t\t\t<p><strong style=\"color: var( --e-global-color-text ); font-family: var( --e-global-typography-text-font-family ), Sans-serif; text-align: var(--text-align); letter-spacing: 0.16px;\">Sezon niski<\/strong><span style=\"color: var( --e-global-color-text ); font-family: var( --e-global-typography-text-font-family ), Sans-serif; font-weight: var( --e-global-typography-text-font-weight ); text-align: var(--text-align); letter-spacing: 0.16px;\"> (wynajem na minimum 2 doby)<\/span><\/p>\n<p>Stycze\u0144 &#8211; Kwiecie\u0144 <br>Pa\u017adziernik &#8211; Grudzie\u0144<br>Cena: 600 z\u0142\/doba<\/p>\n<p><strong>Sezon \u015bredni<\/strong><br>Maj, czerwiec, wrzesie\u0144<br>Cena:&nbsp;650 z\u0142\/ doba<\/p>\n<p><strong>Sezon wysoki<\/strong> ( wynajem na minimum 3 doby)<br>Lipiec, Sierpie\u0144 <br>Cena: 750 z\u0142\/doba<\/p>\n<p><strong>Dodatkowo p\u0142atne:<\/strong><br>&#8211; pr\u0105d 1 KW -1,50<br>&#8211; op\u0142ata za korzystanie z sauny i bali &#8211; 350 z\u0142 (ca\u0142y pobyt)<\/p>\n<p>Akceptujemy ma\u0142e zwierz\u0119ta po uprzednim poinformowaniu podczas rezerwacji. Mo\u017cliwo\u015b\u0107 negocjacji ceny w zale\u017cno\u015bci od ilo\u015bci os\u00f3b oraz d\u0142ugo\u015bci pobytu. Kaucja zwrotna: 500 z\u0142.<\/p>\t\t\t\t\t\t\t\t<\/div>\n\t\t\t\t<\/div>\n\t\t\t\t\t<\/div>\n\t\t\t\t<\/div>\n\t\t\t\t<\/div>\n\t\t","protected":false},"excerpt":{"rendered":"<p>Sezon niski (wynajem na minimum 2 doby) Stycze\u0144 &#8211; Kwiecie\u0144 Pa\u017adziernik &#8211; Grudzie\u0144Cena: 600 z\u0142\/doba &#8230; <\/p>\n<div class=\"text-center\"><a class=\"theme-btn\" href=\"https:\/\/domekwsrodsosen.pl\/?page_id=158\">Read More<\/a><\/div>\n","protected":false},"author":1,"featured_media":0,"parent":0,"menu_order":0,"comment_status":"closed","ping_status":"closed","template":"","meta":{"footnotes":""},"class_list":["post-158","page","type-page","status-publish","hentry"],"_links":{"self":[{"href":"https:\/\/domekwsrodsosen.pl\/index.php?rest_route=\/wp\/v2\/pages\/158","targetHints":{"allow":["GET"]}}],"collection":[{"href":"https:\/\/domekwsrodsosen.pl\/index.php?rest_route=\/wp\/v2\/pages"}],"about":[{"href":"https:\/\/domekwsrodsosen.pl\/index.php?rest_route=\/wp\/v2\/types\/page"}],"author":[{"embeddable":true,"href":"https:\/\/domekwsrodsosen.pl\/index.php?rest_route=\/wp\/v2\/users\/1"}],"replies":[{"embeddable":true,"href":"https:\/\/domekwsrodsosen.pl\/index.php?rest_route=%2Fwp%2Fv2%2Fcomments&post=158"}],"version-history":[{"count":16,"href":"https:\/\/domekwsrodsosen.pl\/index.php?rest_route=\/wp\/v2\/pages\/158\/revisions"}],"predecessor-version":[{"id":276,"href":"https:\/\/domekwsrodsosen.pl\/index.php?rest_route=\/wp\/v2\/pages\/158\/revisions\/276"}],"wp:attachment":[{"href":"https:\/\/domekwsrodsosen.pl\/index.php?rest_route=%2Fwp%2Fv2%2Fmedia&parent=158"}],"curies":[{"name":"wp","href":"https:\/\/api.w.org\/{rel}","templated":true}]}}