{"id":165,"date":"2024-03-15T17:15:46","date_gmt":"2024-03-15T17:15:46","guid":{"rendered":"https:\/\/domekwsrodsosen.pl\/?page_id=165"},"modified":"2025-11-18T12:57:13","modified_gmt":"2025-11-18T12:57:13","slug":"opis","status":"publish","type":"page","link":"https:\/\/domekwsrodsosen.pl\/?page_id=165","title":{"rendered":"Opis"},"content":{"rendered":"\t\t<div data-elementor-type=\"wp-page\" data-elementor-id=\"165\" class=\"elementor elementor-165\">\n\t\t\t\t<div class=\"elementor-element elementor-element-4fb4b00 e-flex e-con-boxed e-con e-parent\" data-id=\"4fb4b00\" data-element_type=\"container\" data-e-type=\"container\">\n\t\t\t\t\t<div class=\"e-con-inner\">\n\t\t\t\t<div class=\"elementor-element elementor-element-893cf4e elementor-widget elementor-widget-image\" data-id=\"893cf4e\" data-element_type=\"widget\" data-e-type=\"widget\" data-widget_type=\"image.default\">\n\t\t\t\t<div class=\"elementor-widget-container\">\n\t\t\t\t\t\t\t\t\t\t\t\t\t\t\t<img fetchpriority=\"high\" decoding=\"async\" width=\"800\" height=\"375\" src=\"https:\/\/domekwsrodsosen.pl\/wp-content\/uploads\/2024\/04\/28-1-1024x480.jpg\" class=\"attachment-large size-large wp-image-172\" alt=\"\" srcset=\"https:\/\/domekwsrodsosen.pl\/wp-content\/uploads\/2024\/04\/28-1-1024x480.jpg 1024w, https:\/\/domekwsrodsosen.pl\/wp-content\/uploads\/2024\/04\/28-1-300x141.jpg 300w, https:\/\/domekwsrodsosen.pl\/wp-content\/uploads\/2024\/04\/28-1-768x360.jpg 768w, https:\/\/domekwsrodsosen.pl\/wp-content\/uploads\/2024\/04\/28-1-1536x720.jpg 1536w, https:\/\/domekwsrodsosen.pl\/wp-content\/uploads\/2024\/04\/28-1.jpg 1920w\" sizes=\"(max-width: 800px) 100vw, 800px\" \/>\t\t\t\t\t\t\t\t\t\t\t\t\t\t\t<\/div>\n\t\t\t\t<\/div>\n\t\t\t\t\t<\/div>\n\t\t\t\t<\/div>\n\t\t<div class=\"elementor-element elementor-element-53a61621 e-flex e-con-boxed e-con e-parent\" data-id=\"53a61621\" data-element_type=\"container\" data-e-type=\"container\">\n\t\t\t\t\t<div class=\"e-con-inner\">\n\t\t\t\t<div class=\"elementor-element elementor-element-730f40e5 elementor-widget elementor-widget-text-editor\" data-id=\"730f40e5\" data-element_type=\"widget\" data-e-type=\"widget\" data-widget_type=\"text-editor.default\">\n\t\t\t\t<div class=\"elementor-widget-container\">\n\t\t\t\t\t\t\t\t\t<p style=\"text-align: left;\">Nowy ca\u0142oroczny domek typu \u201enowoczesna stodo\u0142a&#8221;, oddany do u\u017cytku w 2024 roku. <br>Po\u0142o\u017cony jest na cz\u0119\u015bciowo zalesionej dzia\u0142ce o powierzchni 2100 m2. Ca\u0142y teren jest ogrodzony. Do domku przylega przestronny taras.<\/p>\n<p>Na tarasie znajduje si\u0119 komplet wypoczynkowy oraz grill. Wyznaczone jest r\u00f3wnie\u017c miejsce na ognisko. Na terenie dzia\u0142ki znajduje si\u0119 du\u017cy plac zabaw, oraz sauna opalana drewnem na wy\u0142\u0105czno\u015b\u0107.<\/p>\n<p style=\"text-align: left;\">Domek jest przytulny, nowoczesny, komfortowy. Wyposa\u017cony w klimatyzacj\u0119, ogrzewanie pod\u0142ogowe, oraz kominek. Zlokalizowany w kaszubskiej wsi Borsk, kt\u00f3ra jest przytulona do Jeziora Wdzydzkiego. Nie brakuje tutaj atrakcji takich jak sp\u0142ywy kajakowe, loty paralotni\u0105. <br>W pobli\u017cu znajduj\u0105 si\u0119 restauracje, oraz sklepy spo\u017cywcze. Okolica ta s\u0142ynie z pi\u0119knych las\u00f3w, jezior oraz czystego powietrza.<br>Domek ma powierzchni\u0119 65 m2. Na parterze znajduje si\u0119 salon z aneksem kuchennym, oraz WC. Na pi\u0119trze dwie sypialne, oraz \u0142azienka z prysznicem.<\/p>\n<p><strong>ANEKS KUCHENNY:<\/strong><br>&#8211; w pe\u0142ni wyposa\u017cony ( szklanki, talerze, kieliszki, sztu\u0107ce, garnki, patelnie)<br>&#8211; p\u0142yta indukcyjna 4 palnikowa<br>&#8211; piekarnik<br>&#8211; lod\u00f3wka z zamra\u017calnikiem<br>&#8211; zmywarka<br>&#8211; czajnik elektryczny<br>&#8211; ekspres do kawy<\/p>\n<p><strong>SALON:<\/strong><br>&#8211; st\u00f3\u0142 z krzes\u0142ami<br>&#8211; wygodna kanapa<br>&#8211; telewizor<br>&#8211; kominek<br>&#8211; szafa<br>WC z umywalk\u0105 na parterze<\/p>\n<p><strong>\u0141AZIENKA:<\/strong><br>&#8211; prysznic<br>&#8211; wc<br>&#8211; r\u0119czniki dla go\u015bci<\/p>\n<p><strong>SYPIALNIA 1:<\/strong><br>&#8211; \u0142\u00f3\u017cko ma\u0142\u017ce\u0144skie<br>&#8211; po\u015bciel<br>&#8211; stoliki nocne<br>&#8211; rega\u0142 na ubrania<\/p>\n<p><strong>SYPIALNIA 2:<\/strong><br>&#8211; dwa pojedyncze \u0142\u00f3\u017cka 80&#215;200<br>&#8211; po\u015bciel<br>&#8211; szafki nocne<br>&#8211; rega\u0142 na ubrania.<\/p>\n<p><strong>NASZE ATUTY:<\/strong><br>&#8211; darmowe wi -fi<br>&#8211; przestronny taras z miejscem do grillowania<br>&#8211; du\u017cy plac zabaw<br>&#8211; balia z jacuzzi i sauna na wy\u0142\u0105czno\u015b\u0107<br>&#8211; budynek klimatyzowany<br>&#8211; ogrzewanie pod\u0142ogowe<br>&#8211; pi\u0119kna okolica<\/p>\t\t\t\t\t\t\t\t<\/div>\n\t\t\t\t<\/div>\n\t\t\t\t\t<\/div>\n\t\t\t\t<\/div>\n\t\t\t\t<\/div>\n\t\t","protected":false},"excerpt":{"rendered":"<p>Nowy ca\u0142oroczny domek typu \u201enowoczesna stodo\u0142a&#8221;, oddany do u\u017cytku w 2024 roku. Po\u0142o\u017cony jest na &#8230; <\/p>\n<div class=\"text-center\"><a class=\"theme-btn\" href=\"https:\/\/domekwsrodsosen.pl\/?page_id=165\">Read More<\/a><\/div>\n","protected":false},"author":1,"featured_media":0,"parent":0,"menu_order":0,"comment_status":"closed","ping_status":"closed","template":"","meta":{"footnotes":""},"class_list":["post-165","page","type-page","status-publish","hentry"],"_links":{"self":[{"href":"https:\/\/domekwsrodsosen.pl\/index.php?rest_route=\/wp\/v2\/pages\/165","targetHints":{"allow":["GET"]}}],"collection":[{"href":"https:\/\/domekwsrodsosen.pl\/index.php?rest_route=\/wp\/v2\/pages"}],"about":[{"href":"https:\/\/domekwsrodsosen.pl\/index.php?rest_route=\/wp\/v2\/types\/page"}],"author":[{"embeddable":true,"href":"https:\/\/domekwsrodsosen.pl\/index.php?rest_route=\/wp\/v2\/users\/1"}],"replies":[{"embeddable":true,"href":"https:\/\/domekwsrodsosen.pl\/index.php?rest_route=%2Fwp%2Fv2%2Fcomments&post=165"}],"version-history":[{"count":15,"href":"https:\/\/domekwsrodsosen.pl\/index.php?rest_route=\/wp\/v2\/pages\/165\/revisions"}],"predecessor-version":[{"id":280,"href":"https:\/\/domekwsrodsosen.pl\/index.php?rest_route=\/wp\/v2\/pages\/165\/revisions\/280"}],"wp:attachment":[{"href":"https:\/\/domekwsrodsosen.pl\/index.php?rest_route=%2Fwp%2Fv2%2Fmedia&parent=165"}],"curies":[{"name":"wp","href":"https:\/\/api.w.org\/{rel}","templated":true}]}}