{"id":2,"date":"2024-03-15T17:15:46","date_gmt":"2024-03-15T17:15:46","guid":{"rendered":"https:\/\/domekwsrodsosen.pl\/?page_id=2"},"modified":"2024-04-17T22:39:33","modified_gmt":"2024-04-17T22:39:33","slug":"regulamin","status":"publish","type":"page","link":"https:\/\/domekwsrodsosen.pl\/?page_id=2","title":{"rendered":"Regulamin"},"content":{"rendered":"\t\t<div data-elementor-type=\"wp-page\" data-elementor-id=\"2\" class=\"elementor elementor-2\">\n\t\t\t\t<div class=\"elementor-element elementor-element-53a61621 e-flex e-con-boxed e-con e-parent\" data-id=\"53a61621\" data-element_type=\"container\" data-e-type=\"container\">\n\t\t\t\t\t<div class=\"e-con-inner\">\n\t\t\t\t<div class=\"elementor-element elementor-element-730f40e5 elementor-widget elementor-widget-text-editor\" data-id=\"730f40e5\" data-element_type=\"widget\" data-e-type=\"widget\" data-widget_type=\"text-editor.default\">\n\t\t\t\t<div class=\"elementor-widget-container\">\n\t\t\t\t\t\t\t\t\t<p>Regulamin Domku W\u015br\u00f3d Sosen.<br \/>1. Doba rozpoczyna si\u0119 pierwszego dnia pobytu o godzinie 16-tej, a ko\u0144czy o godzinie 11-tej dnia ostatniego.<br \/>2. Zakwaterowanie go\u015bci odbywa si\u0119 w dniu przyjazdu mi\u0119dzy 16.00-20.00. Wszelkie odst\u0119pstwa od w\/w musz\u0105 zosta\u0107 ustalone z administratorem.\u2028Niezameldowanie si\u0119 w\/w godzinach mo\u017ce by\u0107 potraktowane jako anulacja rezerwacji.<br \/>3. W przypadku skr\u00f3cenia pobytu przez najemc\u0119, kwota za niewykorzystany okres pobytu nie jest zwracana.<br \/>4. Warunkiem rezerwacji jest wp\u0142ata zadatku w kwocie 30% za czas pobytu na nr. konta podany po ustaleniu terminu i warunk\u00f3w pobytu. Brak wp\u0142aty zadatku w ustalonym terminie spowoduje anulowanie rezerwacji. W tytule przelewu nale\u017cy wpisa\u0107: zadatek, imi\u0119 i nazwisko, data pobytu.<br \/>5. Przekazanie kluczy do domku nast\u0105pi po zap\u0142aceniu reszty kwoty za pobyt w dniu przyjazdu, oraz kaucji zwrotnej w wysoko\u015bci 500 z\u0142 na pokrycie ewentualnych strat. Koniecznym te\u017c jest okazanie dowodu to\u017csamo\u015bci w celu potwierdzenia danych z przelewu z zadatkiem.<br \/>6. W domku obowi\u0105zuje zakaz palenia tytoniu, wyrob\u00f3w tytoniowych, innych u\u017cywek, jak r\u00f3wnie\u017c zakaz u\u017cywania e-papieros\u00f3w.<br \/>7. Najemca ponosi odpowiedzialno\u015b\u0107 materialn\u0105 za wszelkiego rodzaju szkody lub zniszczenia przedmiot\u00f3w wyposa\u017cenia i urz\u0105dze\u0144 technicznych (w domku i na terenie obiektu) powsta\u0142e z jego winy. Wszelkie usterki sprz\u0119tu oraz mienia nale\u017cy zg\u0142asza\u0107 niezw\u0142ocznie w\u0142a\u015bcicielowi.<br \/>8. W cen\u0119 pobytu wliczona jest po\u015bciel, r\u0119czniki, parking, oraz zu\u017cycie wody. Pr\u0105d rozliczany jest wed\u0142ug wskaza\u0144 licznika, p\u0142atny 1,5z\u0142\/1kwh.<br \/>9. W\u0142a\u015bciciel obiektu nie odpowiada za utrat\u0119 i\/lub uszkodzenie mienia pozostawione w domkach, oraz parkuj\u0105ce samochody.<br \/>10. P\u0142atno\u015b\u0107 za pobyt nie obejmuje ubezpieczenia najemcy za doznane urazy. Za wszelkie szkody b\u0105d\u017a uszkodzenie mienia w\u0142a\u015bciciel nie ponosi odpowiedzialno\u015bci.<br \/>11. Najemcy proszeni s\u0105 o segregacj\u0119 \u015bmieci w przeznaczonych do tego celu pojemnikach znajduj\u0105cych si\u0119 na terenie dzia\u0142ki. (zmieszane, szk\u0142o, plastik, papier itp.).<br \/>12. Najemca zobowi\u0105zany jest do nale\u017cytego zabezpieczenia domku, dok\u0142adnego zamykania drzwi wej\u015bciowych i okien przy ka\u017cdorazowym jego opuszczeniu oraz staranne przechowywanie kluczy i nie udost\u0119pnianie ich osobom trzecim. Za zagubienie klucza obowi\u0105zuje op\u0142ata w wysoko\u015bci 200z\u0142 (konieczno\u015b\u0107 wymiany zamka).<br \/>13. W sytuacji rezygnacji z zarezerwowanego domku zadatek nie podlega zwrotowi.<br \/>14. W razie stwierdzenia przez w\u0142a\u015bciciela uszkodze\u0144 w domku, kt\u00f3rych nie odnotowano przy wydaniu domku, najemcy zostanie potr\u0105cona z kaucji kwota w wysoko\u015bci koszt\u00f3w naprawy powsta\u0142ych szk\u00f3d. W przypadku, gdy kwota kaucji nie wystarczy dla pokrycia stwierdzonych szk\u00f3d, najemca obowi\u0105zany jest do pokrycia r\u00f3\u017cnicy pomi\u0119dzy wysoko\u015bci\u0105 szkody, a kwot\u0105 wp\u0142aconej kaucji. Powy\u017csze nie uniemo\u017cliwia w\u0142a\u015bcicielowi dochodzenia odszkodowania na zasadach og\u00f3lnych.<br \/>15. Odpowiedzialno\u015b\u0107 za osoby niepe\u0142noletnie przebywaj\u0105ce na terenie obiektu ponosi najemca.<br \/>16. Najemca jest zobowi\u0105zany do utrzymywania i zwrotu domku w stanie pierwotnym z dnia przekazania. <br \/>17. Pobyt zwierz\u0105t na terenie obiektu jest mo\u017cliwy tylko i wy\u0142\u0105cznie za zgod\u0105 w\u0142a\u015bciciela. Zwierz\u0119ta musz\u0105 by\u0107 pod ca\u0142kowit\u0105 kontrol\u0105 najemcy podczas ca\u0142ego pobytu. Nie jest dopuszczalne, by zwierz\u0119ta przebywa\u0142y na \u0142\u00f3\u017ckach i po\u015bcieli. Konieczne jest posiadanie ksi\u0105\u017ceczki zdrowia zwierz\u0119cia z aktualnymi szczepieniami. Potrzeby fizjologiczne zwierz\u0119 powinno za\u0142atwia\u0107 poza posesj\u0105. Ewentualne szkody powsta\u0142e z udzia\u0142em zwierz\u0119cia pokrywa w\u0142a\u015bciciel.<br \/>19. Wp\u0142acenie zadatku jest r\u00f3wnoznaczne z rezerwacj\u0105 pobytu. Dokonuj\u0105c rezerwacji najemca akceptuje regulamin pobytu na terenie obiektu.<br \/><br \/><\/p>\t\t\t\t\t\t\t\t<\/div>\n\t\t\t\t<\/div>\n\t\t\t\t\t<\/div>\n\t\t\t\t<\/div>\n\t\t\t\t<\/div>\n\t\t","protected":false},"excerpt":{"rendered":"<p>Regulamin Domku W\u015br\u00f3d Sosen.1. Doba rozpoczyna si\u0119 pierwszego dnia pobytu o godzinie 16-tej, a ko\u0144czy &#8230; <\/p>\n<div class=\"text-center\"><a class=\"theme-btn\" href=\"https:\/\/domekwsrodsosen.pl\/?page_id=2\">Read More<\/a><\/div>\n","protected":false},"author":1,"featured_media":0,"parent":0,"menu_order":0,"comment_status":"closed","ping_status":"closed","template":"","meta":{"footnotes":""},"class_list":["post-2","page","type-page","status-publish","hentry"],"_links":{"self":[{"href":"https:\/\/domekwsrodsosen.pl\/index.php?rest_route=\/wp\/v2\/pages\/2","targetHints":{"allow":["GET"]}}],"collection":[{"href":"https:\/\/domekwsrodsosen.pl\/index.php?rest_route=\/wp\/v2\/pages"}],"about":[{"href":"https:\/\/domekwsrodsosen.pl\/index.php?rest_route=\/wp\/v2\/types\/page"}],"author":[{"embeddable":true,"href":"https:\/\/domekwsrodsosen.pl\/index.php?rest_route=\/wp\/v2\/users\/1"}],"replies":[{"embeddable":true,"href":"https:\/\/domekwsrodsosen.pl\/index.php?rest_route=%2Fwp%2Fv2%2Fcomments&post=2"}],"version-history":[{"count":5,"href":"https:\/\/domekwsrodsosen.pl\/index.php?rest_route=\/wp\/v2\/pages\/2\/revisions"}],"predecessor-version":[{"id":157,"href":"https:\/\/domekwsrodsosen.pl\/index.php?rest_route=\/wp\/v2\/pages\/2\/revisions\/157"}],"wp:attachment":[{"href":"https:\/\/domekwsrodsosen.pl\/index.php?rest_route=%2Fwp%2Fv2%2Fmedia&parent=2"}],"curies":[{"name":"wp","href":"https:\/\/api.w.org\/{rel}","templated":true}]}}