{"id":32,"date":"2024-03-15T17:15:46","date_gmt":"2024-03-15T17:15:46","guid":{"rendered":"https:\/\/domekwsrodsosen.pl\/?page_id=32"},"modified":"2024-05-15T12:02:18","modified_gmt":"2024-05-15T12:02:18","slug":"kontakt","status":"publish","type":"page","link":"https:\/\/domekwsrodsosen.pl\/?page_id=32","title":{"rendered":"Kontakt"},"content":{"rendered":"\t\t<div data-elementor-type=\"wp-page\" data-elementor-id=\"32\" class=\"elementor elementor-32\">\n\t\t\t\t<div class=\"elementor-element elementor-element-4b5a8902 e-flex e-con-boxed e-con e-parent\" data-id=\"4b5a8902\" data-element_type=\"container\" data-e-type=\"container\">\n\t\t\t\t\t<div class=\"e-con-inner\">\n\t\t\t\t<div class=\"elementor-element elementor-element-700f47d elementor-widget elementor-widget-text-editor\" data-id=\"700f47d\" data-element_type=\"widget\" data-e-type=\"widget\" data-widget_type=\"text-editor.default\">\n\t\t\t\t<div class=\"elementor-widget-container\">\n\t\t\t\t\t\t\t\t\t\n<p><a id=\"hotel_address\" class=\"loc_block_link_underline_fix \nbui-link\nshow_on_map_hp_link\nshow_map_hp_link\n\" title=\"Domek w\u015br\u00f3d sosen, Borsk - Sprawd\u017a lokalizacj\u0119\" role=\"button\" href=\"https:\/\/www.booking.com\/hotel\/pl\/domek-wsrod-sosen.pl.html?aid=304142&amp;label=gen173nr-1FCAEoggI46AdIM1gEaLYBiAEBmAEeuAEHyAEP2AEB6AEB-AELiAIBqAIDuALgzfawBsACAdICJGVjM2EzZDljLWM3ZmUtNDhkOS1hNmQ0LWQ1ZGQzYjI4OGIzYtgCBuACAQ&amp;sid=c4174de36fede9a0ed01a38ecf77c2ea&amp;dist=0;group_adults=2;group_children=0;hapos=3;hpos=3;no_rooms=1;req_adults=2;req_children=0;room1=A%2CA;sb_price_type=total;sr_order=distance_from_search;srepoch=1713219362;srpvid=551f9c8c1f510186;type=total;ucfs=1&amp;#map_opened-hotel_address\" data-atlas-latlng=\"53.95263318,17.92881230\" data-lang-for-url=\"\" data-action=\"\" data-api-key=\"\" data-atlas-bbox=\"53.9346677639529,17.8982261160843,53.9705985970991,17.9593984899677\" data-source=\"top_link\" data-width=\"300\" aria-label=\"Kliknij, aby otworzy\u0107 widok mapy\"><\/a><strong><span class=\"\nhp_address_subtitle\njs-hp_address_subtitle\njq_tooltip\n\" tabindex=\"0\" title=\"\" data-source=\"top_link\" data-coords=\",\" data-component=\"tooltip\" data-tooltip-text=\"\nPo dokonaniu rezerwacji wszystkie dane kontaktowe obiektu, w tym adres i numer telefonu, dost\u0119pne s\u0105 w potwierdzeniu rezerwacji oraz na Twoim koncie.\n\" data-tooltip-animation=\"false\" data-bbox=\"17.8982261160843,53.9346677639529,17.9593984899677,53.9705985970991\" data-node_tt_id=\"location_score_tooltip\" data-width=\"350\" aria-describedby=\"tooltip-1\">Lokalizacja:<\/span><\/strong><\/p>\n\n<blockquote class=\"wp-block-quote is-layout-flow wp-block-quote-is-layout-flow\">\n<p><span class=\"\nhp_address_subtitle\njs-hp_address_subtitle\njq_tooltip\n\" tabindex=\"0\" title=\"\" data-source=\"top_link\" data-coords=\",\" data-component=\"tooltip\" data-tooltip-text=\"\nPo dokonaniu rezerwacji wszystkie dane kontaktowe obiektu, w tym adres i numer telefonu, dost\u0119pne s\u0105 w potwierdzeniu rezerwacji oraz na Twoim koncie.\n\" data-tooltip-animation=\"false\" data-bbox=\"17.8982261160843,53.9346677639529,17.9593984899677,53.9705985970991\" data-node_tt_id=\"location_score_tooltip\" data-width=\"350\" aria-describedby=\"tooltip-1\">Borsk 187, 83-442 Borsk, Polska<\/span><\/p>\n<\/blockquote>\n\n<p><strong>Kontakt:<\/strong><\/p>\n\n<blockquote class=\"wp-block-quote is-layout-flow wp-block-quote-is-layout-flow\">\n<p>+48 782 706 050<br \/>e-mail: rezerwacje@domekwsrodsosen.pl<\/p>\n<\/blockquote>\n\n<p><strong>PKO<\/strong> 25 1020 1491 0000 4702 0099 7262<\/p>\n\t\t\t\t\t\t\t\t<\/div>\n\t\t\t\t<\/div>\n\t\t\t\t\t<\/div>\n\t\t\t\t<\/div>\n\t\t<div class=\"elementor-element elementor-element-1bb0a9e e-flex e-con-boxed e-con e-parent\" data-id=\"1bb0a9e\" data-element_type=\"container\" data-e-type=\"container\">\n\t\t\t\t\t<div class=\"e-con-inner\">\n\t\t\t\t<div class=\"elementor-element elementor-element-831c177 elementor-widget elementor-widget-shortcode\" data-id=\"831c177\" data-element_type=\"widget\" data-e-type=\"widget\" data-widget_type=\"shortcode.default\">\n\t\t\t\t<div class=\"elementor-widget-container\">\n\t\t\t\t\t\t\t<div class=\"elementor-shortcode\"><style id=\"wpforms-css-vars-248\">\n\t\t\t\t#wpforms-248 {\n\t\t\t\t\n\t\t\t}\n\t\t\t<\/style><div class=\"wpforms-container wpforms-container-full wpforms-render-modern\" id=\"wpforms-248\"><form id=\"wpforms-form-248\" class=\"wpforms-validate wpforms-form wpforms-ajax-form\" data-formid=\"248\" method=\"post\" enctype=\"multipart\/form-data\" action=\"\/index.php?rest_route=%2Fwp%2Fv2%2Fpages%2F32\" data-token=\"786c2248e32178f15623d24705c60520\" data-token-time=\"1778400619\"><noscript class=\"wpforms-error-noscript\">Aby wype\u0142ni\u0107 ten formularz, w\u0142\u0105cz obs\u0142ug\u0119 JavaScript w przegl\u0105darce.<\/noscript><div id=\"wpforms-error-noscript\" style=\"display: none;\">Aby wype\u0142ni\u0107 ten formularz, w\u0142\u0105cz obs\u0142ug\u0119 JavaScript w przegl\u0105darce.<\/div><div class=\"wpforms-field-container\"><div id=\"wpforms-248-field_0-container\" class=\"wpforms-field wpforms-field-name\" data-field-id=\"0\"><fieldset><legend class=\"wpforms-field-label\">Dzie\u0144 dobry, z kim mamy przyjemno\u015b\u0107?  <span class=\"wpforms-required-label\" aria-hidden=\"true\">*<\/span><\/legend><div class=\"wpforms-field-row wpforms-field-medium\"><div class=\"wpforms-field-row-block wpforms-first wpforms-one-half\"><input type=\"text\" id=\"wpforms-248-field_0\" class=\"wpforms-field-name-first wpforms-field-required\" name=\"wpforms[fields][0][first]\" aria-errormessage=\"wpforms-248-field_0-error\" required><label for=\"wpforms-248-field_0\" class=\"wpforms-field-sublabel after\">Pierwszy<\/label><\/div><div class=\"wpforms-field-row-block wpforms-one-half\"><input type=\"text\" id=\"wpforms-248-field_0-last\" class=\"wpforms-field-name-last wpforms-field-required\" name=\"wpforms[fields][0][last]\" aria-errormessage=\"wpforms-248-field_0-last-error\" required><label for=\"wpforms-248-field_0-last\" class=\"wpforms-field-sublabel after\">Ostatni<\/label><\/div><\/div><\/fieldset><\/div><div id=\"wpforms-248-field_1-container\" class=\"wpforms-field wpforms-field-email\" data-field-id=\"1\"><label class=\"wpforms-field-label\" for=\"wpforms-248-field_1\">Adres e-mail <span class=\"wpforms-required-label\" aria-hidden=\"true\">*<\/span><\/label><input type=\"email\" id=\"wpforms-248-field_1\" class=\"wpforms-field-medium wpforms-field-required\" name=\"wpforms[fields][1]\" spellcheck=\"false\" aria-errormessage=\"wpforms-248-field_1-error\" required><\/div><div id=\"wpforms-248-field_2-container\" class=\"wpforms-field wpforms-field-textarea\" data-field-id=\"2\"><label class=\"wpforms-field-label\" for=\"wpforms-248-field_2\">Komentarz lub wiadomo\u015b\u0107<\/label><textarea id=\"wpforms-248-field_2\" class=\"wpforms-field-medium\" name=\"wpforms[fields][2]\" aria-errormessage=\"wpforms-248-field_2-error\" ><\/textarea><\/div><\/div><!-- .wpforms-field-container --><div class=\"wpforms-submit-container\" ><input type=\"hidden\" name=\"wpforms[id]\" value=\"248\"><input type=\"hidden\" name=\"page_title\" value=\"\"><input type=\"hidden\" name=\"page_url\" value=\"https:\/\/domekwsrodsosen.pl\/index.php?rest_route=\/wp\/v2\/pages\/32\"><input type=\"hidden\" name=\"url_referer\" value=\"\"><button type=\"submit\" name=\"wpforms[submit]\" id=\"wpforms-submit-248\" class=\"wpforms-submit\" data-alt-text=\"Wysy\u0142anie...\" data-submit-text=\"Prze\u015blij\" aria-live=\"assertive\" value=\"wpforms-submit\">Prze\u015blij<\/button><img decoding=\"async\" src=\"https:\/\/domekwsrodsosen.pl\/wp-content\/plugins\/wpforms-lite\/assets\/images\/submit-spin.svg\" class=\"wpforms-submit-spinner\" style=\"display: none;\" width=\"26\" height=\"26\" alt=\"Wczytywanie\"><\/div><\/form><\/div>  <!-- .wpforms-container --><\/div>\n\t\t\t\t\t\t<\/div>\n\t\t\t\t<\/div>\n\t\t\t\t\t<\/div>\n\t\t\t\t<\/div>\n\t\t<div class=\"elementor-element elementor-element-ba07c85 e-flex e-con-boxed e-con e-parent\" data-id=\"ba07c85\" data-element_type=\"container\" data-e-type=\"container\">\n\t\t\t\t\t<div class=\"e-con-inner\">\n\t\t\t\t<div class=\"elementor-element elementor-element-36671d8 elementor-widget elementor-widget-google_maps\" data-id=\"36671d8\" data-element_type=\"widget\" data-e-type=\"widget\" data-widget_type=\"google_maps.default\">\n\t\t\t\t<div class=\"elementor-widget-container\">\n\t\t\t\t\t\t\t<div class=\"elementor-custom-embed\">\n\t\t\t<iframe loading=\"lazy\"\n\t\t\t\t\tsrc=\"https:\/\/maps.google.com\/maps?q=Lotnisko%20187%2C%2083-442%20Borsk&#038;t=m&#038;z=13&#038;output=embed&#038;iwloc=near\"\n\t\t\t\t\ttitle=\"Lotnisko 187, 83-442 Borsk\"\n\t\t\t\t\taria-label=\"Lotnisko 187, 83-442 Borsk\"\n\t\t\t><\/iframe>\n\t\t<\/div>\n\t\t\t\t\t\t<\/div>\n\t\t\t\t<\/div>\n\t\t\t\t\t<\/div>\n\t\t\t\t<\/div>\n\t\t\t\t<\/div>\n\t\t","protected":false},"excerpt":{"rendered":"<p>Lokalizacja: Borsk 187, 83-442 Borsk, Polska Kontakt: +48 782 706 050e-mail: rezerwacje@domekwsrodsosen.pl PKO 25 1020 &#8230; <\/p>\n<div class=\"text-center\"><a class=\"theme-btn\" href=\"https:\/\/domekwsrodsosen.pl\/?page_id=32\">Read More<\/a><\/div>\n","protected":false},"author":1,"featured_media":0,"parent":0,"menu_order":0,"comment_status":"closed","ping_status":"closed","template":"","meta":{"footnotes":""},"class_list":["post-32","page","type-page","status-publish","hentry"],"_links":{"self":[{"href":"https:\/\/domekwsrodsosen.pl\/index.php?rest_route=\/wp\/v2\/pages\/32","targetHints":{"allow":["GET"]}}],"collection":[{"href":"https:\/\/domekwsrodsosen.pl\/index.php?rest_route=\/wp\/v2\/pages"}],"about":[{"href":"https:\/\/domekwsrodsosen.pl\/index.php?rest_route=\/wp\/v2\/types\/page"}],"author":[{"embeddable":true,"href":"https:\/\/domekwsrodsosen.pl\/index.php?rest_route=\/wp\/v2\/users\/1"}],"replies":[{"embeddable":true,"href":"https:\/\/domekwsrodsosen.pl\/index.php?rest_route=%2Fwp%2Fv2%2Fcomments&post=32"}],"version-history":[{"count":37,"href":"https:\/\/domekwsrodsosen.pl\/index.php?rest_route=\/wp\/v2\/pages\/32\/revisions"}],"predecessor-version":[{"id":266,"href":"https:\/\/domekwsrodsosen.pl\/index.php?rest_route=\/wp\/v2\/pages\/32\/revisions\/266"}],"wp:attachment":[{"href":"https:\/\/domekwsrodsosen.pl\/index.php?rest_route=%2Fwp%2Fv2%2Fmedia&parent=32"}],"curies":[{"name":"wp","href":"https:\/\/api.w.org\/{rel}","templated":true}]}}